{"id":3518,"date":"2024-01-03T10:34:09","date_gmt":"2024-01-03T09:34:09","guid":{"rendered":"https:\/\/lvlconsulting.pt\/?page_id=3518"},"modified":"2024-01-03T10:50:47","modified_gmt":"2024-01-03T09:50:47","slug":"marcacoes","status":"publish","type":"page","link":"https:\/\/lvlconsulting.pt\/en\/marcacoes\/","title":{"rendered":"Marcac\u00f5es"},"content":{"rendered":"<div data-elementor-type=\"wp-page\" data-elementor-id=\"3518\" class=\"elementor elementor-3518\" data-elementor-post-type=\"page\">\n\t\t\t\t\t\t<section class=\"elementor-section elementor-top-section elementor-element elementor-element-166eefda ct-section-stretched elementor-section-height-full elementor-section-boxed elementor-section-height-default elementor-section-items-middle\" data-id=\"166eefda\" data-element_type=\"section\" data-e-type=\"section\" data-settings=\"{&quot;background_background&quot;:&quot;classic&quot;,&quot;background_motion_fx_motion_fx_scrolling&quot;:&quot;yes&quot;,&quot;background_motion_fx_scale_effect&quot;:&quot;yes&quot;,&quot;background_motion_fx_scale_speed&quot;:{&quot;unit&quot;:&quot;px&quot;,&quot;size&quot;:9,&quot;sizes&quot;:[]},&quot;background_motion_fx_scale_direction&quot;:&quot;out-in&quot;,&quot;background_motion_fx_scale_range&quot;:{&quot;unit&quot;:&quot;%&quot;,&quot;size&quot;:&quot;&quot;,&quot;sizes&quot;:{&quot;start&quot;:20,&quot;end&quot;:80}},&quot;background_motion_fx_devices&quot;:[&quot;desktop&quot;,&quot;tablet&quot;,&quot;mobile&quot;]}\">\n\t\t\t\t\t\t\t<div class=\"elementor-background-overlay\"><\/div>\n\t\t\t\t\t\t\t<div class=\"elementor-container elementor-column-gap-default\">\n\t\t\t\t\t<div class=\"elementor-column elementor-col-50 elementor-top-column elementor-element elementor-element-314d1d\" data-id=\"314d1d\" data-element_type=\"column\" data-e-type=\"column\">\n\t\t\t<div class=\"elementor-widget-wrap elementor-element-populated\">\n\t\t\t\t\t\t<div class=\"elementor-element elementor-element-a006108 elementor-widget elementor-widget-text-editor\" data-id=\"a006108\" data-element_type=\"widget\" data-e-type=\"widget\" data-widget_type=\"text-editor.default\">\n\t\t\t\t<div class=\"elementor-widget-container\">\n\t\t\t\t\t\t\t\t\t<p>Do you have any questions or concerns?<\/p>\t\t\t\t\t\t\t\t<\/div>\n\t\t\t\t<\/div>\n\t\t\t\t<div class=\"elementor-element elementor-element-e92e263 elementor-widget elementor-widget-heading\" data-id=\"e92e263\" data-element_type=\"widget\" data-e-type=\"widget\" data-widget_type=\"heading.default\">\n\t\t\t\t<div class=\"elementor-widget-container\">\n\t\t\t\t\t<h2 class=\"elementor-heading-title elementor-size-default\">Agende uma consulta<\/h2>\t\t\t\t<\/div>\n\t\t\t\t<\/div>\n\t\t\t\t\t<\/div>\n\t\t<\/div>\n\t\t\t\t<div class=\"elementor-column elementor-col-50 elementor-top-column elementor-element elementor-element-514ff558 elementor-hidden-tablet elementor-hidden-phone\" data-id=\"514ff558\" data-element_type=\"column\" data-e-type=\"column\">\n\t\t\t<div class=\"elementor-widget-wrap\">\n\t\t\t\t\t\t\t<\/div>\n\t\t<\/div>\n\t\t\t\t\t<\/div>\n\t\t<\/section>\n\t\t\t\t<section class=\"elementor-section elementor-top-section elementor-element elementor-element-664f0590 elementor-section-boxed elementor-section-height-default elementor-section-height-default\" data-id=\"664f0590\" data-element_type=\"section\" data-e-type=\"section\">\n\t\t\t\t\t\t<div class=\"elementor-container elementor-column-gap-no\">\n\t\t\t\t\t<div class=\"elementor-column elementor-col-100 elementor-top-column elementor-element elementor-element-44ef6ac6\" data-id=\"44ef6ac6\" data-element_type=\"column\" data-e-type=\"column\">\n\t\t\t<div class=\"elementor-widget-wrap elementor-element-populated\">\n\t\t\t\t\t\t<div class=\"elementor-element elementor-element-1645fa91 elementor-widget elementor-widget-spacer\" data-id=\"1645fa91\" data-element_type=\"widget\" data-e-type=\"widget\" data-widget_type=\"spacer.default\">\n\t\t\t\t<div class=\"elementor-widget-container\">\n\t\t\t\t\t\t\t<div class=\"elementor-spacer\">\n\t\t\t<div class=\"elementor-spacer-inner\"><\/div>\n\t\t<\/div>\n\t\t\t\t\t\t<\/div>\n\t\t\t\t<\/div>\n\t\t\t\t\t<\/div>\n\t\t<\/div>\n\t\t\t\t\t<\/div>\n\t\t<\/section>\n\t\t\t\t<section class=\"elementor-section elementor-top-section elementor-element elementor-element-4f86aa3f ct-section-stretched elementor-section-boxed elementor-section-height-default elementor-section-height-default\" data-id=\"4f86aa3f\" data-element_type=\"section\" data-e-type=\"section\">\n\t\t\t\t\t\t<div class=\"elementor-container elementor-column-gap-default\">\n\t\t\t\t\t<div class=\"elementor-column elementor-col-100 elementor-top-column elementor-element elementor-element-2af544d7\" data-id=\"2af544d7\" data-element_type=\"column\" data-e-type=\"column\">\n\t\t\t<div class=\"elementor-widget-wrap elementor-element-populated\">\n\t\t\t\t\t\t<div class=\"elementor-element elementor-element-d982c0a elementor-widget elementor-widget-heading\" data-id=\"d982c0a\" data-element_type=\"widget\" data-e-type=\"widget\" data-widget_type=\"heading.default\">\n\t\t\t\t<div class=\"elementor-widget-container\">\n\t\t\t\t\t<h2 class=\"elementor-heading-title elementor-size-default\">Marca\u00e7\u00f5eS<\/h2>\t\t\t\t<\/div>\n\t\t\t\t<\/div>\n\t\t\t\t<div class=\"elementor-element elementor-element-1271ee5 elementor-widget elementor-widget-shortcode\" data-id=\"1271ee5\" data-element_type=\"widget\" data-e-type=\"widget\" data-widget_type=\"shortcode.default\">\n\t\t\t\t<div class=\"elementor-widget-container\">\n\t\t\t\t\t\t\t<div class=\"elementor-shortcode\">\n<script>\n  if (typeof hasAmeliaEntitiesApiCall === 'undefined' && ('' === '' && '' !== '1')) {\n    var hasAmeliaEntitiesApiCall = true;\n  }\n  var ameliaShortcodeData = (typeof ameliaShortcodeData === 'undefined') ? [] : ameliaShortcodeData;\n  ameliaShortcodeData.push(\n    {\n      'hasApiCall': (typeof hasAmeliaEntitiesApiCall !== 'undefined') && hasAmeliaEntitiesApiCall,\n      'trigger': '',\n      'trigger_type': '',\n      'triggered_form': 'sbsNew',\n      'in_dialog': '',\n      'show': '',\n      'counter': '1000',\n      'category': '',\n      'service': '',\n      'employee': '',\n      'location': '',\n      'package': '',\n      'layout': '',\n    }\n  );\n\n  var ameliaShortcodeDataTriggered = (typeof ameliaShortcodeDataTriggered === 'undefined') ? [] : ameliaShortcodeDataTriggered;\n  if (ameliaShortcodeData[ameliaShortcodeData.length - 1].trigger !== '') {\n    if (ameliaShortcodeDataTriggered.filter(a => a.counter === ameliaShortcodeData[ameliaShortcodeData.length - 1].counter).length === 0) {\n      ameliaShortcodeDataTriggered.push(ameliaShortcodeData.pop());\n    } else {\n      ameliaShortcodeData.pop()\n    }\n  }\n  if (typeof hasAmeliaEntitiesApiCall !== 'undefined' && hasAmeliaEntitiesApiCall) {\n    hasAmeliaEntitiesApiCall = false;\n  }\n<\/script>\n\n<div\n  id=\"amelia-v2-booking-1000\"\n  class=\"amelia-v2-booking\"\n >\n    <step-form-wrapper><\/step-form-wrapper><\/div>\n<\/div>\n\t\t\t\t\t\t<\/div>\n\t\t\t\t<\/div>\n\t\t\t\t\t<\/div>\n\t\t<\/div>\n\t\t\t\t\t<\/div>\n\t\t<\/section>\n\t\t\t\t<\/div>","protected":false},"excerpt":{"rendered":"<p>Tem d\u00favidas ou quest\u00f5es? Agende uma consulta Marca\u00e7\u00f5eS<\/p>","protected":false},"author":1,"featured_media":773,"parent":0,"menu_order":0,"comment_status":"closed","ping_status":"closed","template":"","meta":{"footnotes":""},"class_list":["post-3518","page","type-page","status-publish","has-post-thumbnail","hentry"],"blocksy_meta":{"page_title_panel":"","has_hero_section":"disabled","bc159c5af2a03de5c75561ba297140d8":"","hero_section":"type-1","hero_elements":[{"id":"custom_title","enabled":true,"heading_tag":"h1","title":"Home"},{"id":"custom_description","enabled":true,"description_visibility":{"desktop":true,"tablet":true,"mobile":false}},{"id":"custom_meta","enabled":false,"meta_elements":[{"id":"author","enabled":true,"label":"By","has_author_avatar":"yes","avatar_size":25},{"id":"post_date","enabled":true,"label":"On","date_format_source":"default","date_format":"M j, Y"},{"id":"comments","enabled":true}],"page_meta_elements":{"joined":true,"articles_count":true,"comments":true}},{"id":"breadcrumbs","enabled":false}],"df3eb590217e0ce26e832da2c07e7ca6":"","hero_alignment1":"left","hero_alignment2":"center","hero_vertical_alignment":"center","19d24a625abe62e6d16b259439e9cba0":"","hero_structure":"narrow","a3dd00aea12a8c52bdc0775015a386ce":"","page_title_bg_type":"featured_image","custom_hero_background":{"attachment_id":null},"parallax":{"desktop":false,"tablet":false,"mobile":false},"007fc1b0d7d7ea0d9823538a36652bf9":"","hero_height":"250px","pageTitleFont":{"family":"Default","variation":"Default","size":{"desktop":"32px","tablet":"30px","mobile":"25px"},"line-height":"CT_CSS_SKIP_RULE","letter-spacing":"CT_CSS_SKIP_RULE","text-transform":"CT_CSS_SKIP_RULE","text-decoration":"CT_CSS_SKIP_RULE"},"pageTitleFontColor":{"default":{"color":"CT_CSS_SKIP_RULEDEFAULT"}},"pageMetaFont":{"family":"Default","variation":"n6","size":"12px","line-height":"1.3","letter-spacing":"CT_CSS_SKIP_RULE","text-transform":"uppercase","text-decoration":"CT_CSS_SKIP_RULE"},"pageMetaFontColor":{"default":{"color":"CT_CSS_SKIP_RULEDEFAULT"},"hover":{"color":"CT_CSS_SKIP_RULEDEFAULT"}},"pageExcerptFont":{"family":"Default","variation":"Default","size":"CT_CSS_SKIP_RULE","line-height":"CT_CSS_SKIP_RULE","letter-spacing":"CT_CSS_SKIP_RULE","text-transform":"CT_CSS_SKIP_RULE","text-decoration":"CT_CSS_SKIP_RULE"},"pageExcerptColor":{"default":{"color":"CT_CSS_SKIP_RULEDEFAULT"}},"breadcrumbsFont":{"family":"Default","variation":"n6","size":"12px","line-height":"CT_CSS_SKIP_RULE","letter-spacing":"CT_CSS_SKIP_RULE","text-transform":"uppercase","text-decoration":"CT_CSS_SKIP_RULE"},"breadcrumbsFontColor":{"default":{"color":"CT_CSS_SKIP_RULEDEFAULT"},"initial":{"color":"CT_CSS_SKIP_RULEDEFAULT"},"hover":{"color":"CT_CSS_SKIP_RULEDEFAULT"}},"pageTitleOverlay":{"default":{"color":"rgba(41, 51, 60, 0.2)"}},"pageTitleBackground":{"background_type":"color","background_pattern":"type-1","background_image":{"attachment_id":null,"x":0,"y":0},"background_repeat":"no-repeat","background_size":"auto","background_attachment":"scroll","patternColor":{"default":{"color":"#e5e7ea"}},"backgroundColor":{"default":{"color":"#EDEFF2"}}},"806cf646dc975203c3ef573b498d2a6c":"","page_structure_type":"default","content_style":"inherit","vertical_spacing_source":"custom","content_area_spacing":"none","background":{"background_type":"color","background_pattern":"type-1","background_image":{"attachment_id":null,"x":0,"y":0},"background_repeat":"no-repeat","background_size":"auto","background_attachment":"scroll","patternColor":{"default":{"color":"#e5e7ea"}},"backgroundColor":{"default":{"color":"CT_CSS_SKIP_RULE"}}},"content_background":{"background_type":"color","background_pattern":"type-1","background_image":{"attachment_id":null,"x":0,"y":0},"background_repeat":"no-repeat","background_size":"auto","background_attachment":"scroll","patternColor":{"default":{"color":"#e5e7ea"}},"backgroundColor":{"default":{"color":"#ffffff"}}},"content_boxed_spacing":{"desktop":"40px","tablet":"35px","mobile":"20px"},"content_boxed_radius":{"top":"3px","bottom":"3px","left":"3px","right":"3px","linked":true},"content_boxed_shadow":{"blur":18,"spread":-6,"v_offset":12,"h_offset":0,"inset":false,"enable":true,"color":{"color":"rgba(34, 56, 101, 0.04)"}},"19c6ff9349ac0932d7247f0e755658ea":"","disable_featured_image":"no","disable_header":"no","disable_footer":"no","styles_descriptor":{"styles":{"desktop":"","tablet":"","mobile":""},"google_fonts":[]}},"yoast_head":"<!-- This site is optimized with the Yoast SEO plugin v27.1.1 - https:\/\/yoast.com\/product\/yoast-seo-wordpress\/ -->\n<title>Marcac\u00f5es - LVL Consulting<\/title>\n<meta name=\"robots\" content=\"index, follow, max-snippet:-1, max-image-preview:large, max-video-preview:-1\" \/>\n<link rel=\"canonical\" href=\"https:\/\/lvlconsulting.pt\/en\/marcacoes\/\" \/>\n<meta property=\"og:locale\" content=\"en_GB\" \/>\n<meta property=\"og:type\" content=\"article\" \/>\n<meta property=\"og:title\" content=\"Marcac\u00f5es - LVL Consulting\" \/>\n<meta property=\"og:description\" content=\"Tem d\u00favidas ou quest\u00f5es? Agende uma consulta Marca\u00e7\u00f5eS\" \/>\n<meta property=\"og:url\" content=\"https:\/\/lvlconsulting.pt\/en\/marcacoes\/\" \/>\n<meta property=\"og:site_name\" content=\"LVL Consulting\" \/>\n<meta property=\"article:modified_time\" content=\"2024-01-03T09:50:47+00:00\" \/>\n<meta property=\"og:image\" content=\"https:\/\/lvlconsulting.pt\/wp-content\/uploads\/2023\/10\/pexels-zhou-shen-18553173.jpg\" \/>\n\t<meta property=\"og:image:width\" content=\"1920\" \/>\n\t<meta property=\"og:image:height\" content=\"1280\" \/>\n\t<meta property=\"og:image:type\" content=\"image\/jpeg\" \/>\n<meta name=\"twitter:card\" content=\"summary_large_image\" \/>\n<meta name=\"twitter:label1\" content=\"Estimated reading time\" \/>\n\t<meta name=\"twitter:data1\" content=\"1 minute\" \/>\n<script type=\"application\/ld+json\" class=\"yoast-schema-graph\">{\"@context\":\"https:\/\/schema.org\",\"@graph\":[{\"@type\":\"WebPage\",\"@id\":\"https:\/\/lvlconsulting.pt\/en\/marcacoes\/\",\"url\":\"https:\/\/lvlconsulting.pt\/en\/marcacoes\/\",\"name\":\"Marcac\u00f5es - LVL Consulting\",\"isPartOf\":{\"@id\":\"https:\/\/lvlconsulting.pt\/en\/#website\"},\"primaryImageOfPage\":{\"@id\":\"https:\/\/lvlconsulting.pt\/en\/marcacoes\/#primaryimage\"},\"image\":{\"@id\":\"https:\/\/lvlconsulting.pt\/en\/marcacoes\/#primaryimage\"},\"thumbnailUrl\":\"https:\/\/lvlconsulting.pt\/wp-content\/uploads\/2023\/10\/pexels-zhou-shen-18553173.jpg\",\"datePublished\":\"2024-01-03T09:34:09+00:00\",\"dateModified\":\"2024-01-03T09:50:47+00:00\",\"breadcrumb\":{\"@id\":\"https:\/\/lvlconsulting.pt\/en\/marcacoes\/#breadcrumb\"},\"inLanguage\":\"en-GB\",\"potentialAction\":[{\"@type\":\"ReadAction\",\"target\":[\"https:\/\/lvlconsulting.pt\/en\/marcacoes\/\"]}]},{\"@type\":\"ImageObject\",\"inLanguage\":\"en-GB\",\"@id\":\"https:\/\/lvlconsulting.pt\/en\/marcacoes\/#primaryimage\",\"url\":\"https:\/\/lvlconsulting.pt\/wp-content\/uploads\/2023\/10\/pexels-zhou-shen-18553173.jpg\",\"contentUrl\":\"https:\/\/lvlconsulting.pt\/wp-content\/uploads\/2023\/10\/pexels-zhou-shen-18553173.jpg\",\"width\":1920,\"height\":1280},{\"@type\":\"BreadcrumbList\",\"@id\":\"https:\/\/lvlconsulting.pt\/en\/marcacoes\/#breadcrumb\",\"itemListElement\":[{\"@type\":\"ListItem\",\"position\":1,\"name\":\"In\u00edcio\",\"item\":\"https:\/\/lvlconsulting.pt\/en\/\"},{\"@type\":\"ListItem\",\"position\":2,\"name\":\"Marcac\u00f5es\"}]},{\"@type\":\"WebSite\",\"@id\":\"https:\/\/lvlconsulting.pt\/en\/#website\",\"url\":\"https:\/\/lvlconsulting.pt\/en\/\",\"name\":\"LVL Consulting\",\"description\":\"Consultoria\",\"publisher\":{\"@id\":\"https:\/\/lvlconsulting.pt\/en\/#organization\"},\"potentialAction\":[{\"@type\":\"SearchAction\",\"target\":{\"@type\":\"EntryPoint\",\"urlTemplate\":\"https:\/\/lvlconsulting.pt\/en\/?s={search_term_string}\"},\"query-input\":{\"@type\":\"PropertyValueSpecification\",\"valueRequired\":true,\"valueName\":\"search_term_string\"}}],\"inLanguage\":\"en-GB\"},{\"@type\":\"Organization\",\"@id\":\"https:\/\/lvlconsulting.pt\/en\/#organization\",\"name\":\"LVL Consulting\",\"url\":\"https:\/\/lvlconsulting.pt\/en\/\",\"logo\":{\"@type\":\"ImageObject\",\"inLanguage\":\"en-GB\",\"@id\":\"https:\/\/lvlconsulting.pt\/en\/#\/schema\/logo\/image\/\",\"url\":\"https:\/\/lvlconsulting.pt\/wp-content\/uploads\/2024\/08\/LVL-RGB-Lilas-Azul.png\",\"contentUrl\":\"https:\/\/lvlconsulting.pt\/wp-content\/uploads\/2024\/08\/LVL-RGB-Lilas-Azul.png\",\"width\":2363,\"height\":1704,\"caption\":\"LVL Consulting\"},\"image\":{\"@id\":\"https:\/\/lvlconsulting.pt\/en\/#\/schema\/logo\/image\/\"},\"sameAs\":[\"https:\/\/www.linkedin.com\/company\/lvlconsultants\/about\/?viewAsMember=true\"]}]}<\/script>\n<!-- \/ Yoast SEO plugin. -->","yoast_head_json":{"title":"Marcac\u00f5es - LVL Consulting","robots":{"index":"index","follow":"follow","max-snippet":"max-snippet:-1","max-image-preview":"max-image-preview:large","max-video-preview":"max-video-preview:-1"},"canonical":"https:\/\/lvlconsulting.pt\/en\/marcacoes\/","og_locale":"en_GB","og_type":"article","og_title":"Marcac\u00f5es - LVL Consulting","og_description":"Tem d\u00favidas ou quest\u00f5es? Agende uma consulta Marca\u00e7\u00f5eS","og_url":"https:\/\/lvlconsulting.pt\/en\/marcacoes\/","og_site_name":"LVL Consulting","article_modified_time":"2024-01-03T09:50:47+00:00","og_image":[{"width":1920,"height":1280,"url":"https:\/\/lvlconsulting.pt\/wp-content\/uploads\/2023\/10\/pexels-zhou-shen-18553173.jpg","type":"image\/jpeg"}],"twitter_card":"summary_large_image","twitter_misc":{"Estimated reading time":"1 minute"},"schema":{"@context":"https:\/\/schema.org","@graph":[{"@type":"WebPage","@id":"https:\/\/lvlconsulting.pt\/en\/marcacoes\/","url":"https:\/\/lvlconsulting.pt\/en\/marcacoes\/","name":"Marcac\u00f5es - LVL Consulting","isPartOf":{"@id":"https:\/\/lvlconsulting.pt\/en\/#website"},"primaryImageOfPage":{"@id":"https:\/\/lvlconsulting.pt\/en\/marcacoes\/#primaryimage"},"image":{"@id":"https:\/\/lvlconsulting.pt\/en\/marcacoes\/#primaryimage"},"thumbnailUrl":"https:\/\/lvlconsulting.pt\/wp-content\/uploads\/2023\/10\/pexels-zhou-shen-18553173.jpg","datePublished":"2024-01-03T09:34:09+00:00","dateModified":"2024-01-03T09:50:47+00:00","breadcrumb":{"@id":"https:\/\/lvlconsulting.pt\/en\/marcacoes\/#breadcrumb"},"inLanguage":"en-GB","potentialAction":[{"@type":"ReadAction","target":["https:\/\/lvlconsulting.pt\/en\/marcacoes\/"]}]},{"@type":"ImageObject","inLanguage":"en-GB","@id":"https:\/\/lvlconsulting.pt\/en\/marcacoes\/#primaryimage","url":"https:\/\/lvlconsulting.pt\/wp-content\/uploads\/2023\/10\/pexels-zhou-shen-18553173.jpg","contentUrl":"https:\/\/lvlconsulting.pt\/wp-content\/uploads\/2023\/10\/pexels-zhou-shen-18553173.jpg","width":1920,"height":1280},{"@type":"BreadcrumbList","@id":"https:\/\/lvlconsulting.pt\/en\/marcacoes\/#breadcrumb","itemListElement":[{"@type":"ListItem","position":1,"name":"In\u00edcio","item":"https:\/\/lvlconsulting.pt\/en\/"},{"@type":"ListItem","position":2,"name":"Marcac\u00f5es"}]},{"@type":"WebSite","@id":"https:\/\/lvlconsulting.pt\/en\/#website","url":"https:\/\/lvlconsulting.pt\/en\/","name":"LVL Consulting","description":"Consultoria","publisher":{"@id":"https:\/\/lvlconsulting.pt\/en\/#organization"},"potentialAction":[{"@type":"SearchAction","target":{"@type":"EntryPoint","urlTemplate":"https:\/\/lvlconsulting.pt\/en\/?s={search_term_string}"},"query-input":{"@type":"PropertyValueSpecification","valueRequired":true,"valueName":"search_term_string"}}],"inLanguage":"en-GB"},{"@type":"Organization","@id":"https:\/\/lvlconsulting.pt\/en\/#organization","name":"LVL Consulting","url":"https:\/\/lvlconsulting.pt\/en\/","logo":{"@type":"ImageObject","inLanguage":"en-GB","@id":"https:\/\/lvlconsulting.pt\/en\/#\/schema\/logo\/image\/","url":"https:\/\/lvlconsulting.pt\/wp-content\/uploads\/2024\/08\/LVL-RGB-Lilas-Azul.png","contentUrl":"https:\/\/lvlconsulting.pt\/wp-content\/uploads\/2024\/08\/LVL-RGB-Lilas-Azul.png","width":2363,"height":1704,"caption":"LVL Consulting"},"image":{"@id":"https:\/\/lvlconsulting.pt\/en\/#\/schema\/logo\/image\/"},"sameAs":["https:\/\/www.linkedin.com\/company\/lvlconsultants\/about\/?viewAsMember=true"]}]}},"_links":{"self":[{"href":"https:\/\/lvlconsulting.pt\/en\/wp-json\/wp\/v2\/pages\/3518","targetHints":{"allow":["GET"]}}],"collection":[{"href":"https:\/\/lvlconsulting.pt\/en\/wp-json\/wp\/v2\/pages"}],"about":[{"href":"https:\/\/lvlconsulting.pt\/en\/wp-json\/wp\/v2\/types\/page"}],"author":[{"embeddable":true,"href":"https:\/\/lvlconsulting.pt\/en\/wp-json\/wp\/v2\/users\/1"}],"replies":[{"embeddable":true,"href":"https:\/\/lvlconsulting.pt\/en\/wp-json\/wp\/v2\/comments?post=3518"}],"version-history":[{"count":31,"href":"https:\/\/lvlconsulting.pt\/en\/wp-json\/wp\/v2\/pages\/3518\/revisions"}],"predecessor-version":[{"id":3549,"href":"https:\/\/lvlconsulting.pt\/en\/wp-json\/wp\/v2\/pages\/3518\/revisions\/3549"}],"wp:featuredmedia":[{"embeddable":true,"href":"https:\/\/lvlconsulting.pt\/en\/wp-json\/wp\/v2\/media\/773"}],"wp:attachment":[{"href":"https:\/\/lvlconsulting.pt\/en\/wp-json\/wp\/v2\/media?parent=3518"}],"curies":[{"name":"wp","href":"https:\/\/api.w.org\/{rel}","templated":true}]}}